{"id":360,"date":"2023-06-12T11:41:07","date_gmt":"2023-06-12T09:41:07","guid":{"rendered":"https:\/\/arndt-verlag.de.dev.kalayourlife.com\/?post_type=product&#038;p=360"},"modified":"2024-05-08T11:12:58","modified_gmt":"2024-05-08T09:12:58","slug":"bernhardt-schneider-als-die-wellen-sittiche-nach-europa-kamen","status":"publish","type":"product","link":"https:\/\/arndt-verlag.de.dev.kalayourlife.com\/en\/produkt\/bernhardt-schneider-als-die-wellen-sittiche-nach-europa-kamen\/","title":{"rendered":"Bernhardt Schneider: Als die Wellensittiche nach Europa kamen"},"content":{"rendered":"<p style=\"font-weight: 300;\">Dieses ist kein \u00bbWellensittich-Buch\u00ab, vielmehr ist der Untertitel zutreffender, das umfangreiche und reich illustrierte Werk von Bernhard Schneider ist ein naturgeschichtlicher Abriss der Vogelliebhaberei der letzten hundert Jahre, aber auch zum vogelkundlichen Geschehen dieses Zeitraums. Mittelpunkt des Buches, mit Episoden und Zeitzeugen-Aussagen angef\u00fcllt, ist die erstmals verfasste umfassende Biografie der Altmeister der Vogelpflege und -z\u00fcchtung Dr. Karl Ru\u00df (1833-1899) und Karl Neunzig (1864-1944).<\/p>\n<p>&nbsp;<\/p>\n<p style=\"font-weight: 300;\">Um die Schilderung ihres Lebens und Werks gruppieren sich interessante Kapitel der Naturgeschichte wie die Gr\u00fcndung des Brehmschen Aquariums in Berlin, der Neubau des Vogelhauses im Berliner Zoo, die Geschichte der Fachzeitschrift \u00bbDie Gefiederte Welt\u00ab, die Erstzucht des Wellensittichs 1855 in Berlin, die Rolle des internationalen Vogelhandels, der Kampf um das erste Vogelschutzgesetz von 1888, die Arbeit der Wellensittich-Pioniere Duncker und Cremer. Anschaulich wird der qualvolle berufliche Selbstfindungsprozess von Karl Ru\u00df vom Apotheker zum Schriftsteller geschildert.<\/p>\n<p>&nbsp;<\/p>\n<p style=\"font-weight: 300;\">F\u00fcr Buchliebhaber sind alle Vogelpflege- und -Zuchtb\u00fccher von Karl Ru\u00df und Karl Neunzig mit allen bibliographischen Angaben aufgef\u00fchrt. Zudem sind alle 61 Vogelarten genannt, die Karl Ru\u00df als Erster z\u00fcchtete. Ein spezielles Kapitel behandelt Ru\u00df und die Gefl\u00fcgelzucht. Vorgestellt wird auch der begabte Vogelmaler Karl Neunzig, mit der Darstellung seiner sch\u00f6nsten Vogeltafeln, der auch als Ornithologe in den zwanziger Jahren die drei gro\u00dfen Werke der Vogelpflege herausgab. Ebenfalls wird der Anteil seines Sohnes Rudolf daran ausf\u00fchrlich behandelt.<\/p>\n<p>&nbsp;<\/p>\n<p style=\"font-weight: 300;\">Die erste Russ-Neunzig-Biografie erschien 2005 | Geb (Lam Pp), F:16,5&#215;23,5 cm, 378 Seiten, \u00fcber 340 Farb- und Schwarzwei\u00dffotos, Farb- und Schwarzwei\u00dfillustrationen.<\/p>\n<p>&nbsp;<\/p>\n","protected":false},"excerpt":{"rendered":"<p>Bernhard Schneider<\/p>\n","protected":false},"featured_media":361,"comment_status":"open","ping_status":"closed","template":"","meta":[],"product_cat":[45,154,175,189],"product_tag":[],"class_list":{"0":"post-360","1":"product","2":"type-product","3":"status-publish","4":"has-post-thumbnail","6":"product_cat-buecher","7":"product_cat-wellensittiche","8":"product_cat-wellensittiche-2","9":"product_cat-erlebnisse-abenteuer","11":"first","12":"instock","13":"taxable","14":"shipping-taxable","15":"purchasable","16":"product-type-simple"},"acf":[],"_links":{"self":[{"href":"https:\/\/arndt-verlag.de.dev.kalayourlife.com\/en\/wp-json\/wp\/v2\/product\/360","targetHints":{"allow":["GET"]}}],"collection":[{"href":"https:\/\/arndt-verlag.de.dev.kalayourlife.com\/en\/wp-json\/wp\/v2\/product"}],"about":[{"href":"https:\/\/arndt-verlag.de.dev.kalayourlife.com\/en\/wp-json\/wp\/v2\/types\/product"}],"replies":[{"embeddable":true,"href":"https:\/\/arndt-verlag.de.dev.kalayourlife.com\/en\/wp-json\/wp\/v2\/comments?post=360"}],"wp:featuredmedia":[{"embeddable":true,"href":"https:\/\/arndt-verlag.de.dev.kalayourlife.com\/en\/wp-json\/wp\/v2\/media\/361"}],"wp:attachment":[{"href":"https:\/\/arndt-verlag.de.dev.kalayourlife.com\/en\/wp-json\/wp\/v2\/media?parent=360"}],"wp:term":[{"taxonomy":"product_cat","embeddable":true,"href":"https:\/\/arndt-verlag.de.dev.kalayourlife.com\/en\/wp-json\/wp\/v2\/product_cat?post=360"},{"taxonomy":"product_tag","embeddable":true,"href":"https:\/\/arndt-verlag.de.dev.kalayourlife.com\/en\/wp-json\/wp\/v2\/product_tag?post=360"}],"curies":[{"name":"wp","href":"https:\/\/api.w.org\/{rel}","templated":true}]}}