{"id":3063,"date":"2024-04-09T13:28:36","date_gmt":"2024-04-09T11:28:36","guid":{"rendered":"https:\/\/arndt-verlag.de.dev.kalayourlife.com\/?post_type=product&#038;p=3063"},"modified":"2024-06-12T11:51:21","modified_gmt":"2024-06-12T09:51:21","slug":"wp-sonderheft-hygiene","status":"publish","type":"product","link":"https:\/\/arndt-verlag.de.dev.kalayourlife.com\/en\/produkt\/wp-sonderheft-hygiene\/","title":{"rendered":"WP-Sonderheft Hygiene"},"content":{"rendered":"<p style=\"font-weight: 300;\"><b><strong>WP-Sonderheft HYGIENE\u00a0<\/strong><\/b><\/p>\n<p>Auf die Hygiene kommt es an! Dieses gro\u00dfe Sonderheft (\u00fcber 80 Seiten) des WP-Magazins gibt Vogelhaltern\u00a0<b><strong>Sicherheit f\u00fcr den Alltag. Eine Praxishilfe:\u00a0<\/strong><\/b><\/p>\n<p>&nbsp;<\/p>\n<p>Es unterst\u00fctzt die\u00a0<b><strong>Gesundheitsvorsorge<\/strong><\/b>\u00a0f\u00fcr die eigenen V\u00f6gel. Zugleich wird \u00fcber die aktuellen und notwendigen\u00a0<b><strong>Standards in der Hygiene<\/strong><\/b>\u00a0aufgekl\u00e4rt \u2013 bei Futter, Wasser, Einstreu, Reinigung und wirksamer Desinfektion.<\/p>\n<p>&nbsp;<\/p>\n<p><b><strong>Top-Themen:<\/strong><\/b><\/p>\n<ul>\n<li>Futterhygiene sichern<\/li>\n<li>Trinkwasser sauber halten<\/li>\n<li>Saubere Einstreu verwenden<\/li>\n<li>Leitfaden Desinfektion &#8211; die 7 Schritte<\/li>\n<li>Einwandfreie Probenahme<\/li>\n<li>Luftreinigung im Alltag<\/li>\n<li>Hygieneplan erstellen<\/li>\n<li>Praktische Reinigung im Alltag<\/li>\n<li>Sterile Umgebungen<\/li>\n<li>Risiko Resistenzlagen<\/li>\n<li>Ratgeber Gefiederpflege<\/li>\n<\/ul>\n<p>&nbsp;<\/p>\n<p>Mit exklusiven Fachbeitr\u00e4ge aus\u00a0<b><strong>Wissenschaft, Tiermedizin und Praxis.<\/strong><\/b><\/p>\n<p>Autorenauszug: Prof. Peter Berthold, Tierarzt Hermann Kempf, Rafael Zamora Padron (LPF), Dr. Elisabeth Peus, Prof. Dr. Monika Rinder (LMU M\u00fcnchen), Tier\u00e4rztin Bianka Schink, Prof. Dr. Petra Wolf.<\/p>\n<p>Konzeption: WP-Gesundheits-Redakteur Matthias Hakemeyer (LMU M\u00fcnchen).<\/p>\n<p>&nbsp;<\/p>\n","protected":false},"excerpt":{"rendered":"<p>WP-Sonderheft HYGIENE\u00a0 Auf die Hygiene kommt es an! Dieses gro\u00dfe Sonderheft (\u00fcber 80 Seiten) des WP-Magazins gibt Vogelhaltern\u00a0Sicherheit f\u00fcr den Alltag. Eine Praxishilfe:\u00a0 &nbsp; Es unterst\u00fctzt die\u00a0Gesundheitsvorsorge\u00a0f\u00fcr die eigenen V\u00f6gel. Zugleich wird \u00fcber die aktuellen und notwendigen\u00a0Standards in der Hygiene\u00a0aufgekl\u00e4rt \u2013 bei Futter, Wasser, Einstreu, Reinigung und wirksamer Desinfektion. &nbsp; Top-Themen: Futterhygiene sichern Trinkwasser sauber [&hellip;]<\/p>\n","protected":false},"featured_media":3064,"comment_status":"open","ping_status":"closed","template":"","meta":[],"product_cat":[54,188,224],"product_tag":[],"class_list":{"0":"post-3063","1":"product","2":"type-product","3":"status-publish","4":"has-post-thumbnail","6":"product_cat-sonderhefte","7":"product_cat-ernaehrung-gesundheit","8":"product_cat-wp-magazin-2","9":"subscription_category-wp-magazin","11":"first","12":"instock","13":"shipping-taxable","14":"purchasable","15":"product-type-simple"},"acf":[],"_links":{"self":[{"href":"https:\/\/arndt-verlag.de.dev.kalayourlife.com\/en\/wp-json\/wp\/v2\/product\/3063","targetHints":{"allow":["GET"]}}],"collection":[{"href":"https:\/\/arndt-verlag.de.dev.kalayourlife.com\/en\/wp-json\/wp\/v2\/product"}],"about":[{"href":"https:\/\/arndt-verlag.de.dev.kalayourlife.com\/en\/wp-json\/wp\/v2\/types\/product"}],"replies":[{"embeddable":true,"href":"https:\/\/arndt-verlag.de.dev.kalayourlife.com\/en\/wp-json\/wp\/v2\/comments?post=3063"}],"wp:featuredmedia":[{"embeddable":true,"href":"https:\/\/arndt-verlag.de.dev.kalayourlife.com\/en\/wp-json\/wp\/v2\/media\/3064"}],"wp:attachment":[{"href":"https:\/\/arndt-verlag.de.dev.kalayourlife.com\/en\/wp-json\/wp\/v2\/media?parent=3063"}],"wp:term":[{"taxonomy":"product_cat","embeddable":true,"href":"https:\/\/arndt-verlag.de.dev.kalayourlife.com\/en\/wp-json\/wp\/v2\/product_cat?post=3063"},{"taxonomy":"product_tag","embeddable":true,"href":"https:\/\/arndt-verlag.de.dev.kalayourlife.com\/en\/wp-json\/wp\/v2\/product_tag?post=3063"}],"curies":[{"name":"wp","href":"https:\/\/api.w.org\/{rel}","templated":true}]}}