{"id":1325,"date":"2024-01-05T09:37:58","date_gmt":"2024-01-05T08:37:58","guid":{"rendered":"https:\/\/arndt-verlag.de.dev.kalayourlife.com\/?post_type=product&#038;p=1325"},"modified":"2024-04-19T17:27:21","modified_gmt":"2024-04-19T15:27:21","slug":"jennifer-gekeler-natuerliche-beschaeftigung-fuer-papageien-sittiche-co","status":"publish","type":"product","link":"https:\/\/arndt-verlag.de.dev.kalayourlife.com\/en\/produkt\/jennifer-gekeler-natuerliche-beschaeftigung-fuer-papageien-sittiche-co\/","title":{"rendered":"Nat\u00fcrliche Besch\u00e4ftigung f\u00fcr Papageien, Sittiche &#038; Co."},"content":{"rendered":"<p>Neue Ideen &amp; Anleitungen f\u00fcr nachhaltiges Basteln. Mit Materialien aus der Natur!<\/p>\n<p>&nbsp;<\/p>\n<p><strong>Wie Sie aus Naturmaterialien spannendes Spielzeug f\u00fcr Ihre Gefiederten zaubern, das erfahren Sie in diesem Ratgeber. Die Autorin nimmt die Leser motivierend mit. So macht Selbermachen Spa\u00df:<\/strong><\/p>\n<ul>\n<li>Passende Werkzeuge und deren Handhabung<\/li>\n<li>Die wichtigsten Handgriffe und Basteltechniken<\/li>\n<li>Geeignete Geh\u00f6lze, Pflanzen, Steine, \u2026<\/li>\n<li>Bastelanleitungen, sehr gut verst\u00e4ndlich<\/li>\n<li>Tipps &amp; Tricks vom Profi<\/li>\n<li>Freiraum f\u00fcr eigene Kreativit\u00e4t<\/li>\n<\/ul>\n<p>&nbsp;<\/p>\n<p><strong>Neue Schaukeln, Schn\u00fcre, Holzbauteile, Steinkreationen, Versch\u00f6nerungen f\u00fcr die Voliere und Leckereien sind die Resultate. Nachhaltig, g\u00fcnstig und nat\u00fcrlich selbst gemacht. Mit unterschiedlichen Schwierigkeitsstufen, daher f\u00fcr Anf\u00e4nger und Fortgeschrittene geeignet. Vom kleinen Wellensittich bis zum Gro\u00dfpapagei ist an unterschiedliche Bed\u00fcrfnisse gedacht.<\/strong><\/p>\n<p>\u00dcber 100 Seiten<br \/>\nzahlreiche Bilder + praktische Anleitungen<\/p>\n","protected":false},"excerpt":{"rendered":"<p>Jennifer Gekeler<\/p>\n","protected":false},"featured_media":1328,"comment_status":"open","ping_status":"closed","template":"","meta":[],"product_cat":[45,178,181,185,190],"product_tag":[],"class_list":{"0":"post-1325","1":"product","2":"type-product","3":"status-publish","4":"has-post-thumbnail","6":"product_cat-buecher","7":"product_cat-papageien-3","8":"product_cat-grosssittiche-austr-edel-suedamerikan","9":"product_cat-allgemein-haltung-und-zucht","10":"product_cat-beschaeftigung-verhalten","12":"first","13":"instock","14":"taxable","15":"shipping-taxable","16":"purchasable","17":"product-type-simple"},"acf":[],"_links":{"self":[{"href":"https:\/\/arndt-verlag.de.dev.kalayourlife.com\/en\/wp-json\/wp\/v2\/product\/1325","targetHints":{"allow":["GET"]}}],"collection":[{"href":"https:\/\/arndt-verlag.de.dev.kalayourlife.com\/en\/wp-json\/wp\/v2\/product"}],"about":[{"href":"https:\/\/arndt-verlag.de.dev.kalayourlife.com\/en\/wp-json\/wp\/v2\/types\/product"}],"replies":[{"embeddable":true,"href":"https:\/\/arndt-verlag.de.dev.kalayourlife.com\/en\/wp-json\/wp\/v2\/comments?post=1325"}],"wp:featuredmedia":[{"embeddable":true,"href":"https:\/\/arndt-verlag.de.dev.kalayourlife.com\/en\/wp-json\/wp\/v2\/media\/1328"}],"wp:attachment":[{"href":"https:\/\/arndt-verlag.de.dev.kalayourlife.com\/en\/wp-json\/wp\/v2\/media?parent=1325"}],"wp:term":[{"taxonomy":"product_cat","embeddable":true,"href":"https:\/\/arndt-verlag.de.dev.kalayourlife.com\/en\/wp-json\/wp\/v2\/product_cat?post=1325"},{"taxonomy":"product_tag","embeddable":true,"href":"https:\/\/arndt-verlag.de.dev.kalayourlife.com\/en\/wp-json\/wp\/v2\/product_tag?post=1325"}],"curies":[{"name":"wp","href":"https:\/\/api.w.org\/{rel}","templated":true}]}}