{"id":42,"date":"2023-05-19T10:59:09","date_gmt":"2023-05-19T08:59:09","guid":{"rendered":"https:\/\/arndt-verlag.de.dev.kalayourlife.com\/my-account\/"},"modified":"2023-05-19T11:06:53","modified_gmt":"2023-05-19T09:06:53","slug":"my-account","status":"publish","type":"page","link":"https:\/\/arndt-verlag.de.dev.kalayourlife.com\/en\/my-account\/","title":{"rendered":"My Account"},"content":{"rendered":"<div class=\"woocommerce\"><div class=\"woocommerce-notices-wrapper\"><\/div>\n\n<div class=\"u-columns col2-set\" id=\"customer_login\">\n\n\t<div class=\"u-column1 col-1\">\n\n\n\t\t\n\t\t<form class=\"woocommerce-form woocommerce-form-login login\" method=\"post\">\n\n\t\t\t\n\t\t\t<p class=\"woocommerce-form-row woocommerce-form-row--wide form-row form-row-wide mat_input\">\n\t\t\t\t<input type=\"text\" required class=\"woocommerce-Input woocommerce-Input--text input-text\" name=\"username\" id=\"username\" autocomplete=\"username\" value=\"\" \/>\t\t\t\t<label for=\"username\">Email address&nbsp;<span class=\"required\">*<\/span><\/label>\n\t\t\t<\/p>\n\t\t\t<p class=\"woocommerce-form-row woocommerce-form-row--wide form-row form-row-wide mat_input\">\n\t\t\t\t<input class=\"woocommerce-Input woocommerce-Input--text input-text\" required type=\"password\" name=\"password\" id=\"password\" autocomplete=\"current-password\" \/>\n\t\t\t\t<label for=\"password\">Password&nbsp;<span class=\"required\">*<\/span><\/label>\n\t\t\t<\/p>\n\n\t\t\t\n\t\t\t<p class=\"form_message hidden\"><\/p>\n\n\t\t\t<p class=\"form-row\">\n\t\t\t\t<label class=\"woocommerce-form__label woocommerce-form__label-for-checkbox woocommerce-form-login__rememberme\">\n\t\t\t\t\t<input class=\"woocommerce-form__input woocommerce-form__input-checkbox\" name=\"rememberme\" type=\"checkbox\" id=\"rememberme\" value=\"forever\" \/> <span>Remember me<\/span>\n\t\t\t\t<\/label>\n\t\t\t\t<input type=\"hidden\" id=\"woocommerce-login-nonce\" name=\"woocommerce-login-nonce\" value=\"2beb5794ad\" \/><input type=\"hidden\" name=\"_wp_http_referer\" value=\"\/en\/wp-json\/wp\/v2\/pages\/42\" \/>\t\t\t\t<button type=\"submit\" class=\"woocommerce-button button woocommerce-form-login__submit wp-element-button\" name=\"login\" value=\"Log in\">Log in<\/button>\n\t\t\t<\/p>\n\t\t\t<p class=\"woocommerce-LostPassword lost_password\">\n\t\t\t\t<a href=\"https:\/\/arndt-verlag.de.dev.kalayourlife.com\/en\/my-account\/lost-password\/\">Lost your password?<\/a>\n\t\t\t<\/p>\n\n\t\t\t\n\t\t<\/form>\n\n\n\t<\/div>\n\n\t<div class=\"u-column2 col-2\" id=\"customer_register\">\n\n\t\t\n\t\t<button class=\"toggle_register_form\">Registrieren<\/button>\n\n\t\t<form method=\"post\" class=\"woocommerce-form woocommerce-form-register register\"  >\n\n\t\t\t<p class=\"sub_headline\">1. Pers\u00f6nliche Daten<\/p>\n\n\t\t\t\n\t\t\t\n\t\t\t<div class=\"woocommerce-form-row woocommerce-form-row--wrapper form-row\">\n\n\t\t\t\t<p class=\"woocommerce-form-row woocommerce-form-row--half form-row mat_input\">\n\t\t\t\t\t<input type=\"text\" class=\"woocommerce-Input woocommerce-Input--text input-text\" required name=\"first_name\" id=\"reg_first_name\" autocomplete=\"give-name\" value=\"\">                    <label for=\"reg_first_name\">First name<span class=\"required\">*<\/span><\/label>\n                <\/p>\n\n\t\t\t\t<p class=\"woocommerce-form-row woocommerce-form-row--half form-row mat_input\">\n\t\t\t\t\t<input type=\"text\" class=\"woocommerce-Input woocommerce-Input--text input-text\" required name=\"last_name\" id=\"reg_last_name\" autocomplete=\"family-name\" value=\"\">                    <label for=\"reg_last_name\">Last name<span class=\"required\">*<\/span><\/label>\n                <\/p>\n\t\t\t<\/div>\n\n\t\t\t<p class=\"woocommerce-form-row woocommerce-form-row--wide form-row form-row-wide mat_input\">\n\t\t\t\t<input type=\"email\" class=\"woocommerce-Input woocommerce-Input--text input-text\" required name=\"email\" id=\"reg_email\" autocomplete=\"email\" value=\"\" \/>                <label for=\"reg_email\">E-Mail Adresse&nbsp;<span class=\"required\">*<\/span><\/label>\n            <\/p>\n\n\t\t\t<p class=\"woocommerce-form-row woocommerce-form-row--wide form-row form-row-wide mat_input\">\n\t\t\t\t<input type=\"email\" class=\"woocommerce-Input woocommerce-Input--text input-text\" required name=\"email_2\" id=\"reg_email_2\" autocomplete=\"false\" value=\"\"\/>                <label for=\"reg_email_2\">E-Mail Adresse best\u00e4tigen&nbsp;<span class=\"required\">*<\/span><\/label>\n            <\/p>\n\n\t\t\t\n\t\t\t\t<p>A link to set a new password will be sent to your email address.<\/p>\n\n\t\t\t\n\t\t\t<div class=\"wc-gzd-checkbox-placeholder wc-gzd-checkbox-placeholder-reg_data_privacy\" data-checkbox=\"privacy\"><\/div><div class=\"woocommerce-privacy-policy-text\"><p>Wir verwenden deine personenbezogenen Daten, um eine m\u00f6glichst gute Benutzererfahrung auf dieser Website zu erm\u00f6glichen, den Zugriff auf dein Konto zu verwalten und f\u00fcr weitere Zwecke, die in unserer <a href=\"https:\/\/arndt-verlag.de.dev.kalayourlife.com\/datenschutzerklaerung\/\" class=\"woocommerce-privacy-policy-link\" target=\"_blank\">privacy policy<\/a> beschrieben sind.<\/p>\n<\/div>\n\t\t\t<div class=\"birthday_field_wrapper\">\n\t\t\t\t\n\t\t\t\t<div class=\"input_wrapper\">\n\n\t\t\t\t\t<div class=\"mat_input\">\n\t\t\t\t\t\t<input id=\"reg_birthday\" type=\"date\" name=\"birthday\" autocomplete=\"bday\">\n\t\t\t\t\t\t<label for=\"reg_birthday\"><\/label>\n\t\t\t\t\t<\/div>\n\t\t\t\t<\/div>\n\t\t\t<\/div>\n\n\t\t\t<p class=\"woocommerce-form-row form-row terms\">\n\t\t\t\t<input id=\"reg_terms\" type=\"checkbox\" name=\"terms\" required>\n\t\t\t\t<label for=\"reg_terms\"><\/label>\n\t\t\t<\/p>\n\n\t\t\t<p class=\"woocommerce-form-row form-row\">\n\t\t\t\t<input type=\"hidden\" id=\"woocommerce-register-nonce\" name=\"woocommerce-register-nonce\" value=\"0975f7730a\" \/><input type=\"hidden\" name=\"_wp_http_referer\" value=\"\/en\/wp-json\/wp\/v2\/pages\/42\" \/>\t\t\t\t<button type=\"submit\" class=\"woocommerce-Button woocommerce-button button wp-element-button woocommerce-form-register__submit\" name=\"register\" value=\"Register\">Weiter<\/button>\n\t\t\t<\/p>\n\n\t\t\t<p class=\"form_message hidden\"><\/p>\n\n\t\t\t\n\t\t<\/form>\n\n\t<\/div>\n\n<\/div>\n\n<\/div>\n","protected":false},"excerpt":{"rendered":"","protected":false},"author":1,"featured_media":0,"parent":0,"menu_order":0,"comment_status":"closed","ping_status":"closed","template":"","meta":{"footnotes":""},"class_list":["post-42","page","type-page","status-publish","hentry"],"acf":[],"_links":{"self":[{"href":"https:\/\/arndt-verlag.de.dev.kalayourlife.com\/en\/wp-json\/wp\/v2\/pages\/42","targetHints":{"allow":["GET"]}}],"collection":[{"href":"https:\/\/arndt-verlag.de.dev.kalayourlife.com\/en\/wp-json\/wp\/v2\/pages"}],"about":[{"href":"https:\/\/arndt-verlag.de.dev.kalayourlife.com\/en\/wp-json\/wp\/v2\/types\/page"}],"author":[{"embeddable":true,"href":"https:\/\/arndt-verlag.de.dev.kalayourlife.com\/en\/wp-json\/wp\/v2\/users\/1"}],"replies":[{"embeddable":true,"href":"https:\/\/arndt-verlag.de.dev.kalayourlife.com\/en\/wp-json\/wp\/v2\/comments?post=42"}],"version-history":[{"count":0,"href":"https:\/\/arndt-verlag.de.dev.kalayourlife.com\/en\/wp-json\/wp\/v2\/pages\/42\/revisions"}],"wp:attachment":[{"href":"https:\/\/arndt-verlag.de.dev.kalayourlife.com\/en\/wp-json\/wp\/v2\/media?parent=42"}],"curies":[{"name":"wp","href":"https:\/\/api.w.org\/{rel}","templated":true}]}}